{"id":2487,"date":"2018-07-31T18:01:26","date_gmt":"2018-07-31T15:01:26","guid":{"rendered":"https:\/\/www.smartbsnetwork.eu\/uspeshni-politiki-i-dobri-praktiki\/socialni-uslugi\/"},"modified":"2019-08-19T13:55:23","modified_gmt":"2019-08-19T10:55:23","slug":"dezvoltarea-democratiei-2","status":"publish","type":"page","link":"https:\/\/www.smartbsnetwork.eu\/ro\/politici-de-succes-si-bune-practici\/dezvoltarea-democratiei-2\/","title":{"rendered":"Dezvoltarea democra\u021biei"},"content":{"rendered":"<div class=\"fusion-fullwidth fullwidth-box nonhundred-percent-fullwidth non-hundred-percent-height-scrolling\"  style='background-color: rgba(255,255,255,0);background-position: left top;background-repeat: no-repeat;padding-top:110px;padding-right:0px;padding-bottom:0px;padding-left:0px;border-top-width:0px;border-bottom-width:0px;border-color:#eae9e9;border-top-style:solid;border-bottom-style:solid;'><div class=\"fusion-builder-row fusion-row \"><div  class=\"fusion-layout-column fusion_builder_column fusion_builder_column_1_1  fusion-one-full fusion-column-first fusion-column-last fusion-column-no-min-height 1_1\"  style='margin-top:0px;margin-bottom:0px;'>\n\t\t\t\t\t<div class=\"fusion-column-wrapper\" style=\"padding: 0px 0px 0px 0px;background-position:left top;background-repeat:no-repeat;-webkit-background-size:cover;-moz-background-size:cover;-o-background-size:cover;background-size:cover;\"  data-bg-url=\"\">\n\t\t\t\t\t\t<div class=\"fusion-sep-clear\"><\/div><div class=\"fusion-separator fusion-full-width-sep sep-single sep-solid\" style=\"border-color:#1a80b6;border-top-width:5px;margin-left: auto;margin-right: auto;margin-top:0px;margin-bottom:0px;\"><\/div><div class=\"fusion-clearfix\"><\/div>\n\n\t\t\t\t\t<\/div>\n\t\t\t\t<\/div><div  class=\"fusion-layout-column fusion_builder_column fusion_builder_column_1_1  fusion-one-full fusion-column-first fusion-column-last fusion-blend-mode green-border rounded-border 1_1\"  style='margin-top:0px;margin-bottom:20px;'>\n\t\t\t\t\t<div class=\"fusion-column-wrapper\" style=\"background-color:#ffffff;border:1px solid #e2e2e2;padding: 60px 60px 50px 60px;background-position:left top;background-repeat:no-repeat;-webkit-background-size:cover;-moz-background-size:cover;-o-background-size:cover;background-size:cover;\"  data-bg-url=\"\">\n\t\t\t\t\t\t<div class=\"fusion-text\"><h2>BUNA PRACTIC\u0102: Servicii sociale<\/h2>\n<h3>CIB &#8211; Ora\u0219e \u00een echilibru<\/h3>\n<p>\u00cen discu\u021biile publice, \u00eemb\u0103tr\u00e2nirea societ\u0103\u021bii se calific\u0103 drept o povar\u0103 pentru securitatea social\u0103 \u0219i sistemele de s\u0103n\u0103tate. De multe ori este trecut cu vederea faptul c\u0103 genera\u021bia mai \u00een v\u00e2rst\u0103 are cuno\u0219tin\u021be \u0219i experien\u021b\u0103 care reprezint\u0103 un poten\u021bial social important. Pentru ora\u0219ele din Europa de Nord, adaptarea politicilor locale la necesit\u0103\u021bi \u0219i recunoa\u0219terea capacit\u0103\u021bilor unei societ\u0103\u021bi \u00eemb\u0103tr\u00e2nite este una dintre cele mai importante sarcini.\u00a0 Acesta este motivul pentru care este at\u00e2t de important ca municipalit\u0103\u021bile s\u0103 abordeze nevoile persoanelor \u00een v\u00e2rst\u0103.<\/p>\n<p>\u00cembun\u0103t\u0103\u021birea calit\u0103\u021bii vie\u021bii<\/p>\n<p>Proiectul Cities in Balance (CB) \u00eembun\u0103t\u0103\u021be\u0219te calitatea vie\u021bii persoanelor \u00een v\u00e2rst\u0103. O calitate mai \u00eenalt\u0103 a vie\u021bii pentru persoanele \u00een v\u00e2rst\u0103 \u00eenseamn\u0103 pentru CB: trecerea aten\u021biei de la \u00eengrijirea s\u0103n\u0103t\u0103\u021bii \u0219i \u00eengrijirea persoanelor \u00een v\u00e2rst\u0103 spre o mai mare integrare \u0219i munc\u0103. Au fost analizate diverse sectoare \u0219i capacitatea acestora de a integra persoanele \u00een v\u00e2rst\u0103.<\/p>\n<p>Crearea de locuri pentru distribuirea intergenera\u021bional\u0103<\/p>\n<p>Au fost create a\u0219a-numitele \u201eHub-uri de argint\u201d. V\u00e2rstnicii \u0219i tinerii se pot \u00eent\u00e2lni \u00een aceste locuri. Schimburile de p\u0103reri pot avea loc personal sau virtual. Aceast\u0103 abordare creeaz\u0103 o \u00een\u021belegere a diferitelor moduri \u0219i stiluri de via\u021b\u0103. Un exemplu este Ol\u0103ria veche din Kaiserslautern. \u00cen cadrul proiectului, acesta a devenit un centru de competen\u021b\u0103 pentru toate genera\u021biile.<\/p>\n<p>Integrare posibil\u0103<\/p>\n<p>\u201dContactul de argint\u201d este un alt subproiect care \u00eencurajeaz\u0103 popula\u021bia \u00eemb\u0103tr\u00e2nit\u0103 s\u0103 joace \u00een continuare un rol decisiv \u00een societate &#8211; la nivel social, tehnic \u0219i financiar. \u00cen acest scop, a fost dezvoltat un instrument CB cu strategii \u0219i solu\u021bii aplicabile. Activitatea voluntar\u0103 a \u0219i cu persoanele \u00een v\u00e2rst\u0103 sunt \u00eencurajate. A fost f\u0103cut\u0103 o \u00eencercare de a acoperi c\u00e2t mai multe domenii din via\u021ba de zi cu zi, \u00eencep\u00e2nd cu munca cu mijloace de comunicare noi (cursuri de lucru cu un smartphone), prin problema excluderii sociale \u0219i a asisten\u021bei pentru surzi \u0219i deficien\u021bi de auz. De exemplu, Hagen ofer\u0103 evenimente \u00een care copiii, tinerii \u0219i v\u00e2rstnicii testeaz\u0103 c\u00e2t de \u201d\u00een v\u00e2rst\u0103\u201d le este auzul. \u00cen acest fel, adolescen\u021bii dezvolt\u0103 un sentiment al lumii persoanelor \u00een v\u00e2rst\u0103.<\/p>\n<p>Folosirea experien\u021bei genera\u021biei mai vechi<\/p>\n<p>Unii dintre ei sunt prea b\u0103tr\u00e2ni pentru a urca copaci, dar sunt adev\u0103ra\u021bi mae\u0219tri \u00een preg\u0103tirea fructelor. Al\u021bii sunt prea tineri sau f\u0103r\u0103 experien\u021b\u0103 pentru a g\u0103ti dulce\u021buri, dar ar dori s\u0103 \u00eenve\u021be. Acesta este doar un exemplu al subproiectului \u201dFruit to Table\u201d, care arat\u0103 poten\u021bialul genera\u021biilor mai vechi de a experimenta.<\/p>\n<p>\u00cen multe sectoare ale economiei, prin sfaturile \u0219i ac\u021biunile genera\u021biei mai vechi, s-au f\u0103cut \u00eembun\u0103t\u0103\u021biri semnificative. \u00cen cadrul subproiectului \u201eEconomie de argint\u201d, \u00een Bruges a fost \u00eenfiin\u021bat\u0103 o cas\u0103 de voluntariat, unde tineri \u0219i b\u0103tr\u00e2ni se adun\u0103 pentru a \u00eemp\u0103rt\u0103\u0219i cuno\u0219tin\u021be.<\/p>\n<p>Folosi\u021bi succesele \u0219i transmite\u021bi cuno\u0219tin\u021bele<\/p>\n<p>Nu este suficient dac\u0103 succesele ob\u021binute de partenerii proiectului r\u0103m\u00e2n \u00een sfera sa de aplicare. Rezultatele proiectului sunt rezumate \u00eentr-un program interactiv transna\u021bional pentru formarea voluntarilor, persoanelor \u00een v\u00e2rst\u0103 \u0219i schimbarea atitudinilor, oferite deja de Universitatea din Hagen.<\/p>\n<p>Au fost realizate \u0219i manuale. \u00cen acest fel, alte regiuni pot implementa realiz\u0103rile prin implicarea persoanelor \u00een v\u00e2rst\u0103 \u00een beneficiile societ\u0103\u021bii.<\/p>\n<p>Proiectul este implementat de 11 parteneri din Germania, Belgia, Regatul Unit \u0219i Olanda.<\/p>\n<p>Mai multe despre aceasta: www.cib-online.eu<\/p>\n<\/div><div class=\"fusion-sep-clear\"><\/div><div class=\"fusion-separator fusion-full-width-sep sep-none\" style=\"margin-left: auto;margin-right: auto;margin-top:15px;margin-bottom:0px;\"><\/div><div class=\"fusion-clearfix\"><\/div>\n\n\t\t\t\t\t<\/div>\n\t\t\t\t<\/div><\/div><\/div>\n","protected":false},"excerpt":{"rendered":"","protected":false},"author":1,"featured_media":0,"parent":2465,"menu_order":0,"comment_status":"closed","ping_status":"closed","template":"","meta":{"footnotes":""},"class_list":["post-2487","page","type-page","status-publish","hentry"],"_links":{"self":[{"href":"https:\/\/www.smartbsnetwork.eu\/ro\/wp-json\/wp\/v2\/pages\/2487\/"}],"collection":[{"href":"https:\/\/www.smartbsnetwork.eu\/ro\/wp-json\/wp\/v2\/pages\/"}],"about":[{"href":"https:\/\/www.smartbsnetwork.eu\/ro\/wp-json\/wp\/v2\/types\/page\/"}],"author":[{"embeddable":true,"href":"https:\/\/www.smartbsnetwork.eu\/ro\/wp-json\/wp\/v2\/users\/1\/"}],"replies":[{"embeddable":true,"href":"https:\/\/www.smartbsnetwork.eu\/ro\/wp-json\/wp\/v2\/comments\/?post=2487"}],"version-history":[{"count":3,"href":"https:\/\/www.smartbsnetwork.eu\/ro\/wp-json\/wp\/v2\/pages\/2487\/revisions\/"}],"predecessor-version":[{"id":2982,"href":"https:\/\/www.smartbsnetwork.eu\/ro\/wp-json\/wp\/v2\/pages\/2487\/revisions\/2982\/"}],"up":[{"embeddable":true,"href":"https:\/\/www.smartbsnetwork.eu\/ro\/wp-json\/wp\/v2\/pages\/2465\/"}],"wp:attachment":[{"href":"https:\/\/www.smartbsnetwork.eu\/ro\/wp-json\/wp\/v2\/media\/?parent=2487"}],"curies":[{"name":"wp","href":"https:\/\/api.w.org\/{rel}","templated":true}]}}