{"id":2485,"date":"2018-07-31T18:01:15","date_gmt":"2018-07-31T15:01:15","guid":{"rendered":"https:\/\/www.smartbsnetwork.eu\/uspeshni-politiki-i-dobri-praktiki\/razvitie-na-demokracijata\/"},"modified":"2019-08-19T13:56:40","modified_gmt":"2019-08-19T10:56:40","slug":"dezvoltarea-democratiei","status":"publish","type":"page","link":"https:\/\/www.smartbsnetwork.eu\/ro\/politici-de-succes-si-bune-practici\/dezvoltarea-democratiei\/","title":{"rendered":"Dezvoltarea democra\u021biei"},"content":{"rendered":"<div class=\"fusion-fullwidth fullwidth-box nonhundred-percent-fullwidth non-hundred-percent-height-scrolling\"  style='background-color: rgba(255,255,255,0);background-position: left top;background-repeat: no-repeat;padding-top:110px;padding-right:0px;padding-bottom:0px;padding-left:0px;border-top-width:0px;border-bottom-width:0px;border-color:#eae9e9;border-top-style:solid;border-bottom-style:solid;'><div class=\"fusion-builder-row fusion-row \"><div  class=\"fusion-layout-column fusion_builder_column fusion_builder_column_1_1  fusion-one-full fusion-column-first fusion-column-last fusion-column-no-min-height 1_1\"  style='margin-top:0px;margin-bottom:0px;'>\n\t\t\t\t\t<div class=\"fusion-column-wrapper\" style=\"padding: 0px 0px 0px 0px;background-position:left top;background-repeat:no-repeat;-webkit-background-size:cover;-moz-background-size:cover;-o-background-size:cover;background-size:cover;\"  data-bg-url=\"\">\n\t\t\t\t\t\t<div class=\"fusion-sep-clear\"><\/div><div class=\"fusion-separator fusion-full-width-sep sep-single sep-solid\" style=\"border-color:#1a80b6;border-top-width:5px;margin-left: auto;margin-right: auto;margin-top:0px;margin-bottom:0px;\"><\/div><div class=\"fusion-clearfix\"><\/div>\n\n\t\t\t\t\t<\/div>\n\t\t\t\t<\/div><div  class=\"fusion-layout-column fusion_builder_column fusion_builder_column_1_1  fusion-one-full fusion-column-first fusion-column-last fusion-blend-mode green-border rounded-border 1_1\"  style='margin-top:0px;margin-bottom:20px;'>\n\t\t\t\t\t<div class=\"fusion-column-wrapper\" style=\"background-color:#ffffff;border:1px solid #e2e2e2;padding: 60px 60px 50px 60px;background-position:left top;background-repeat:no-repeat;-webkit-background-size:cover;-moz-background-size:cover;-o-background-size:cover;background-size:cover;\"  data-bg-url=\"\">\n\t\t\t\t\t\t<div class=\"fusion-text\"><h2>BUNE PRACTICI: Implicarea cet\u0103\u021benilor \u00een luarea deciziilor<\/h2>\n<h2>Proiect: AgriGo4Cities &#8211; Agricultura urban\u0103 pentru ora\u0219e \u00een schimbare: Modele de guvernare pentru o mai bun\u0103 capacitate institu\u021bional\u0103 \u0219i incluziune social\u0103<\/h2>\n<p>\u00cen contextul sistemelor de guvernare, institu\u021biile publice au o capacitate de diminuare a ini\u021bierii proceselor de luare a deciziilor. Lipsa mecanismelor de participare diminueaz\u0103 motiva\u021bia oamenilor de a participa la guvernare \u0219i administra\u021bie, l\u0103s\u00e2ndu-i \u00een afara deciziilor politice, sociale \u0219i economice \u0219i nu sunt suficient de competen\u021bi pentru a ac\u021biona ca un partener \u0219i un motor egal pentru schimbare. Prin urmare, decalajul dintre cet\u0103\u021beni \u0219i autorit\u0103\u021bile publice de la diferite niveluri se m\u0103re\u0219te, ceea ce duce la o mai mare ne\u00eencredere \u0219i lips\u0103 de participare a publicului, \u00een special \u00een r\u00e2ndul persoanelor defavorizate \u0219i cu risc de excludere social\u0103, cum ar fi persoanele defavorizate social, \u0219omerii, persoanele f\u0103r\u0103 ad\u0103post, romi, b\u0103tr\u00e2ni, femei \u0219i tineri. Cre\u0219terea inegalit\u0103\u021bilor sociale \u0219i economice se reflect\u0103 \u00een calitatea redus\u0103 a vie\u021bii \u00een ora\u0219e.<\/p>\n<p>Pentru a r\u0103spunde acestor provoc\u0103ri, proiectul utilizeaz\u0103 \u201eParticiparea la agricultur\u0103 urban\u0103 \u0219i suburban\u0103 (UPA)\u201d ca o metod\u0103 nou\u0103 \u0219i puternic\u0103. Scopul este de a \u00eembun\u0103t\u0103\u021bi capacitatea institu\u021biilor publice de a reduce la minimum excluderea socio-economic\u0103 a grupurilor vulnerabile \/ comunit\u0103\u021bilor marginalizate \u0219i de a promova dezvoltarea urban\u0103 durabil\u0103 \u00een regiunea Dun\u0103rii.<\/p>\n<p>\u00cen acest scop, proiectul dezvolt\u0103 o metodologie inovatoare de planificare participativ\u0103 \u0219i o integreaz\u0103 \u00een procesele de luare a deciziilor. Metodologia \u00ee\u0219i propune s\u0103 \u00eembun\u0103t\u0103\u021beasc\u0103 capacitatea administra\u021biilor publice de a implica p\u0103r\u021bile interesate \u0219i cet\u0103\u021benii \u00een guvernare \u0219i participarea publicului. O cooperare mai str\u00e2ns\u0103 ar trebui s\u0103 consolideze \u00eencrederea reciproc\u0103 \u0219i incluziunea socio-economic\u0103 a grupurilor vulnerabile \u0219i marginalizate. Inegalit\u0103\u021bile sociale \u0219i economice inferioare duc la o dezvoltare mai durabil\u0103 a zonelor urbane defavorizate.<\/p>\n<p>Rezultatul principal este o cooperare mai str\u00e2ns\u0103 \u00eentre administra\u021biile publice \u0219i cet\u0103\u021beni pentru a \u00eembun\u0103t\u0103\u021bi integrarea socio-economic\u0103 a grupurilor vulnerabile \u0219i pentru a promova dezvoltarea urban\u0103 durabil\u0103. Proiectul va dezvolta o metodologie comun\u0103 UPA. Printr-un catalog cu cele mai bune practici interactive UPA, proiectul \u00ee\u0219i propune s\u0103 \u00eencurajeze parteneriate locale formate din administra\u021bii publice, grupuri vulnerabile \u0219i al\u021bi actori din \u0219ase zone pilot.<\/p>\n<p>Un instrument de instruire este, de asemenea, dezvoltat pe baza orient\u0103rilor pentru elaborarea \u0219i implementarea unui plan de ac\u021biune. Prin cursuri intensive \u0219i \u0219ase c\u0103l\u0103torii de studiu, instrumentul de instruire va fi livrat partenerilor locali. Metodologia comun\u0103 va fi testat\u0103 \u00een zonele pilot prin elaborarea \u0219i implementarea a \u0219ase planuri de ac\u021biune UPA. Testul va fi completat de un program de instruire inovator \u0219i un chestionar de evaluare a performan\u021bei UPA. Toate cuno\u0219tin\u021bele \u0219i experien\u021ba vor fi integrate \u00een leadershipul transna\u021bional UPA \u0219i diseminate prin instrumente \u0219i canale transna\u021bionale de parteneriat pe mai multe niveluri, care vizeaz\u0103 o mai bun\u0103 guvernare. Utilizarea rezultatelor este asigurat\u0103 de \u0219ase planuri de monitorizare locale \u0219i una transna\u021bional\u0103 \u00een regiunea Dun\u0103rii.<\/p>\n<p>Partener principal: <strong>Centrul de cercetare al Academiei Sloveniei de \u0218tiin\u021be \u0219i Arte<\/strong><\/p>\n<\/div><div class=\"fusion-sep-clear\"><\/div><div class=\"fusion-separator fusion-full-width-sep sep-none\" style=\"margin-left: auto;margin-right: auto;margin-top:15px;margin-bottom:0px;\"><\/div><div class=\"fusion-clearfix\"><\/div>\n\n\t\t\t\t\t<\/div>\n\t\t\t\t<\/div><\/div><\/div>\n","protected":false},"excerpt":{"rendered":"","protected":false},"author":1,"featured_media":0,"parent":2465,"menu_order":0,"comment_status":"closed","ping_status":"closed","template":"","meta":{"footnotes":""},"class_list":["post-2485","page","type-page","status-publish","hentry"],"_links":{"self":[{"href":"https:\/\/www.smartbsnetwork.eu\/ro\/wp-json\/wp\/v2\/pages\/2485\/"}],"collection":[{"href":"https:\/\/www.smartbsnetwork.eu\/ro\/wp-json\/wp\/v2\/pages\/"}],"about":[{"href":"https:\/\/www.smartbsnetwork.eu\/ro\/wp-json\/wp\/v2\/types\/page\/"}],"author":[{"embeddable":true,"href":"https:\/\/www.smartbsnetwork.eu\/ro\/wp-json\/wp\/v2\/users\/1\/"}],"replies":[{"embeddable":true,"href":"https:\/\/www.smartbsnetwork.eu\/ro\/wp-json\/wp\/v2\/comments\/?post=2485"}],"version-history":[{"count":3,"href":"https:\/\/www.smartbsnetwork.eu\/ro\/wp-json\/wp\/v2\/pages\/2485\/revisions\/"}],"predecessor-version":[{"id":2983,"href":"https:\/\/www.smartbsnetwork.eu\/ro\/wp-json\/wp\/v2\/pages\/2485\/revisions\/2983\/"}],"up":[{"embeddable":true,"href":"https:\/\/www.smartbsnetwork.eu\/ro\/wp-json\/wp\/v2\/pages\/2465\/"}],"wp:attachment":[{"href":"https:\/\/www.smartbsnetwork.eu\/ro\/wp-json\/wp\/v2\/media\/?parent=2485"}],"curies":[{"name":"wp","href":"https:\/\/api.w.org\/{rel}","templated":true}]}}