{"id":2473,"date":"2018-07-31T18:00:01","date_gmt":"2018-07-31T15:00:01","guid":{"rendered":"https:\/\/www.smartbsnetwork.eu\/uspeshni-politiki-i-dobri-praktiki\/zdraveopazvane\/"},"modified":"2019-08-19T14:40:36","modified_gmt":"2019-08-19T11:40:36","slug":"ocrotirea-sanatatii","status":"publish","type":"page","link":"https:\/\/www.smartbsnetwork.eu\/ro\/politici-de-succes-si-bune-practici\/ocrotirea-sanatatii\/","title":{"rendered":"Ocrotirea s\u0103n\u0103t\u0103\u021bii"},"content":{"rendered":"<div class=\"fusion-fullwidth fullwidth-box nonhundred-percent-fullwidth non-hundred-percent-height-scrolling\"  style='background-color: rgba(255,255,255,0);background-position: left top;background-repeat: no-repeat;padding-top:110px;padding-right:0px;padding-bottom:0px;padding-left:0px;border-top-width:0px;border-bottom-width:0px;border-color:#eae9e9;border-top-style:solid;border-bottom-style:solid;'><div class=\"fusion-builder-row fusion-row \"><div  class=\"fusion-layout-column fusion_builder_column fusion_builder_column_1_1  fusion-one-full fusion-column-first fusion-column-last fusion-column-no-min-height 1_1\"  style='margin-top:0px;margin-bottom:0px;'>\n\t\t\t\t\t<div class=\"fusion-column-wrapper\" style=\"padding: 0px 0px 0px 0px;background-position:left top;background-repeat:no-repeat;-webkit-background-size:cover;-moz-background-size:cover;-o-background-size:cover;background-size:cover;\"  data-bg-url=\"\">\n\t\t\t\t\t\t<div class=\"fusion-sep-clear\"><\/div><div class=\"fusion-separator fusion-full-width-sep sep-single sep-solid\" style=\"border-color:#1a80b6;border-top-width:5px;margin-left: auto;margin-right: auto;margin-top:0px;margin-bottom:0px;\"><\/div><div class=\"fusion-clearfix\"><\/div>\n\n\t\t\t\t\t<\/div>\n\t\t\t\t<\/div><div  class=\"fusion-layout-column fusion_builder_column fusion_builder_column_1_1  fusion-one-full fusion-column-first fusion-column-last fusion-blend-mode green-border rounded-border 1_1\"  style='margin-top:0px;margin-bottom:20px;'>\n\t\t\t\t\t<div class=\"fusion-column-wrapper\" style=\"background-color:#ffffff;border:1px solid #e2e2e2;padding: 60px 60px 50px 60px;background-position:left top;background-repeat:no-repeat;-webkit-background-size:cover;-moz-background-size:cover;-o-background-size:cover;background-size:cover;\"  data-bg-url=\"\">\n\t\t\t\t\t\t<div class=\"fusion-text\"><h2>BUNA PRACTIC\u0102: SISTEMUL DE S\u0102N\u0102TATE<\/h2>\n<h3>TIC pentru s\u0103n\u0103tate &#8211; TEHNOLOGII INFORMA\u021aIONALE \u00ceN SLUJBA SISTEMULUI DE S\u0102N\u0102TATE<\/h3>\n<p>Modific\u0103rile demografice din regiunea M\u0103rii Baltice au dus la cre\u0219terea num\u0103rului de pacien\u021bi v\u00e2rstnici cu boli cronice. Acest lucru pune sistemele de s\u0103n\u0103tate public\u0103 cu un num\u0103r constant sau \u00een sc\u0103dere de medici, fa\u021b\u0103-n fa\u021b\u0103 cu provocarea men\u021binerii asisten\u021bei medicale de calitate \u00een zone mai pu\u021bin populate. Conceptul de e-s\u0103n\u0103tate poate ajuta \u00een aceast\u0103 situa\u021bie, deoarece instrumentele tehnologiei informa\u021biei \u0219i comunica\u021biilor (TIC) ajut\u0103 la dep\u0103\u0219irea distan\u021belor \u0219i la accelerarea proceselor. Un exemplu de astfel de tehnologie este transferul online a valorilor tensiunii arteriale c\u0103tre medicul curant.<\/p>\n<p>Pentru a ajuta noile tehnologii, utilizatorii lor trebuie s\u0103 le adopte \u0219i s\u0103 poat\u0103 lucra cu ele. Acest lucru necesit\u0103 un climat adecvat. Partenerii proiectului se concentreaz\u0103 ini\u021bial pe pacien\u021bii cu boli cardiace cronice, dar vizeaz\u0103, de asemenea, crearea de oportunit\u0103\u021bi pentru transferul rezultatelor c\u0103tre alte grupuri de pacien\u021bi.<\/p>\n<p>Solu\u021biile de \u00eengrijire la domiciliu, care includ monitorizarea parametrilor vitali, cum ar fi greutatea \u0219i tensiunea arterial\u0103 pe internet \u0219i numirea terapiei \u00een timp util, permit persoanelor \u00een v\u00e2rst\u0103 s\u0103 stea mai mult timp acas\u0103.<\/p>\n<p>Adesea, pacien\u021bii v\u00e2rstnici nu sunt capabili s\u0103 evalueze \u00een mod independent modific\u0103rile parametrilor vitali \u0219i s\u0103 solicite aten\u021bie medical\u0103. Pentru a rezolva aceast\u0103 problem\u0103, partenerii de proiect dezvolt\u0103 programa de \u00eenv\u0103\u021b\u0103m\u00e2nt \u201dSALUDA\u201d. Acesta este \u00een \u0219ase limbi \u0219i permite pacien\u021bilor s\u0103 aib\u0103 un dosar web de pacient care este revizuit de c\u0103tre medicul curant. Programul a fost testat \u00een cadrul proiectului .<\/p>\n<p>Transferul de cuno\u0219tin\u021be este una dintre pietrele de temelie ale proiectului. Cu numeroase conferin\u021be, seminarii \u0219i ateliere, grupurile \u021bint\u0103 sunt informate despre oportunit\u0103\u021bile din domeniul s\u0103n\u0103t\u0103\u021bii electronice. Succes: 400 de pacien\u021bi cu insuficien\u021b\u0103 cardiac\u0103 cronic\u0103 \u0219i medici din regiunea M\u0103rii Baltice testeaz\u0103 programul pilot al programului \u201dSALUDA\u201d.<\/p>\n<p>Pe l\u00e2ng\u0103 SALUDA, utilizatorii instrumentului de \u00eenv\u0103\u021bare bazat pe web au capacitatea de a utiliza un portal de s\u0103n\u0103tate personal\u0103 cu informa\u021bii medicale inteligibile. Portalul permite pacien\u021bilor bolnavi cronici s\u0103-\u0219i documenteze electronic fi\u0219ele de s\u0103n\u0103tate. Deoarece datele de s\u0103n\u0103tate pot fi astfel \u00eemp\u0103rt\u0103\u0219ite cu al\u021bii, o mai mare flexibilitate spa\u021bial\u0103 este creat\u0103 pentru consumatori.<\/p>\n<p>&nbsp;<\/p>\n<p>Utilizarea tehnologiilor electronice \u00een asisten\u021ba medical\u0103 este un alt element al discu\u021biilor din proiect.\u00a0 Un studiu a fost publicat pe \u201eExemple de bune practici pentru utilizarea TIC \u00een asisten\u021ba medical\u0103 \u0219i transferabilitatea lor poten\u021bial\u0103\u201d, care abordeaz\u0103 aspecte ale transferului, cum ar fi legisla\u021bia, politicile, finan\u021barea asisten\u021bei medicale, condi\u021biile cadrului organiza\u021bional, dependen\u021ba de echipament, nivelul de preg\u0103tire medical\u0103, diferen\u021be lingvistice \u0219i culturale.<\/p>\n<p>&nbsp;<\/p>\n<p>Proiectul contribuie la transferul de cuno\u0219tin\u021be c\u0103tre grupurile \u021bint\u0103 \u0219i creeaz\u0103 baza pentru utilizarea lor \u00een viitor. De asemenea, ini\u021biaz\u0103 o discu\u021bie public\u0103 cu privire la provoc\u0103rile cu care se confrunt\u0103 regiunile \u00een contextul unei societ\u0103\u021bi informa\u021bionale \u0219i a unor zone depopulate.<\/p>\n<p>&nbsp;<\/p>\n<p>Este realizat de 9 parteneri din Danemarca, Germania, Finlanda, Lituania, Polonia, Norvegia, Rusia, Suedia<\/p>\n<p>Subiect principal: schimbare demografic\u0103<\/p>\n<p>Obiective: \u00eembun\u0103t\u0103\u021birea cuno\u0219tin\u021belor, abilit\u0103\u021bilor \u0219i a utiliz\u0103rii tehnologiei \u00een favoarea s\u0103n\u0103t\u0103\u021bii electronice \u00een contextul schimb\u0103rilor demografice<\/p>\n<p>www.ictforhealth.net<\/p>\n<\/div><div class=\"fusion-sep-clear\"><\/div><div class=\"fusion-separator fusion-full-width-sep sep-none\" style=\"margin-left: auto;margin-right: auto;margin-top:15px;margin-bottom:0px;\"><\/div><div class=\"fusion-clearfix\"><\/div>\n\n\t\t\t\t\t<\/div>\n\t\t\t\t<\/div><\/div><\/div>\n","protected":false},"excerpt":{"rendered":"","protected":false},"author":1,"featured_media":0,"parent":2465,"menu_order":0,"comment_status":"closed","ping_status":"closed","template":"","meta":{"footnotes":""},"class_list":["post-2473","page","type-page","status-publish","hentry"],"_links":{"self":[{"href":"https:\/\/www.smartbsnetwork.eu\/ro\/wp-json\/wp\/v2\/pages\/2473\/"}],"collection":[{"href":"https:\/\/www.smartbsnetwork.eu\/ro\/wp-json\/wp\/v2\/pages\/"}],"about":[{"href":"https:\/\/www.smartbsnetwork.eu\/ro\/wp-json\/wp\/v2\/types\/page\/"}],"author":[{"embeddable":true,"href":"https:\/\/www.smartbsnetwork.eu\/ro\/wp-json\/wp\/v2\/users\/1\/"}],"replies":[{"embeddable":true,"href":"https:\/\/www.smartbsnetwork.eu\/ro\/wp-json\/wp\/v2\/comments\/?post=2473"}],"version-history":[{"count":5,"href":"https:\/\/www.smartbsnetwork.eu\/ro\/wp-json\/wp\/v2\/pages\/2473\/revisions\/"}],"predecessor-version":[{"id":2992,"href":"https:\/\/www.smartbsnetwork.eu\/ro\/wp-json\/wp\/v2\/pages\/2473\/revisions\/2992\/"}],"up":[{"embeddable":true,"href":"https:\/\/www.smartbsnetwork.eu\/ro\/wp-json\/wp\/v2\/pages\/2465\/"}],"wp:attachment":[{"href":"https:\/\/www.smartbsnetwork.eu\/ro\/wp-json\/wp\/v2\/media\/?parent=2473"}],"curies":[{"name":"wp","href":"https:\/\/api.w.org\/{rel}","templated":true}]}}