{"id":2469,"date":"2018-07-31T17:59:36","date_gmt":"2018-07-31T14:59:36","guid":{"rendered":"https:\/\/www.smartbsnetwork.eu\/uspeshni-politiki-i-dobri-praktiki\/energijna-efektivnost\/"},"modified":"2019-08-20T10:52:18","modified_gmt":"2019-08-20T07:52:18","slug":"eficienta-energetica","status":"publish","type":"page","link":"https:\/\/www.smartbsnetwork.eu\/ro\/politici-de-succes-si-bune-practici\/eficienta-energetica\/","title":{"rendered":"Eficien\u021b\u0103 energetic\u0103"},"content":{"rendered":"<div class=\"fusion-fullwidth fullwidth-box nonhundred-percent-fullwidth non-hundred-percent-height-scrolling\"  style='background-color: rgba(255,255,255,0);background-position: left top;background-repeat: no-repeat;padding-top:110px;padding-right:0px;padding-bottom:0px;padding-left:0px;border-top-width:0px;border-bottom-width:0px;border-color:#eae9e9;border-top-style:solid;border-bottom-style:solid;'><div class=\"fusion-builder-row fusion-row \"><div  class=\"fusion-layout-column fusion_builder_column fusion_builder_column_1_1  fusion-one-full fusion-column-first fusion-column-last fusion-column-no-min-height 1_1\"  style='margin-top:0px;margin-bottom:0px;'>\n\t\t\t\t\t<div class=\"fusion-column-wrapper\" style=\"padding: 0px 0px 0px 0px;background-position:left top;background-repeat:no-repeat;-webkit-background-size:cover;-moz-background-size:cover;-o-background-size:cover;background-size:cover;\"  data-bg-url=\"\">\n\t\t\t\t\t\t<div class=\"fusion-sep-clear\"><\/div><div class=\"fusion-separator fusion-full-width-sep sep-single sep-solid\" style=\"border-color:#1a80b6;border-top-width:5px;margin-left: auto;margin-right: auto;margin-top:0px;margin-bottom:0px;\"><\/div><div class=\"fusion-clearfix\"><\/div>\n\n\t\t\t\t\t<\/div>\n\t\t\t\t<\/div><div  class=\"fusion-layout-column fusion_builder_column fusion_builder_column_1_1  fusion-one-full fusion-column-first fusion-column-last fusion-blend-mode green-border rounded-border 1_1\"  style='margin-top:0px;margin-bottom:20px;'>\n\t\t\t\t\t<div class=\"fusion-column-wrapper\" style=\"background-color:#ffffff;border:1px solid #e2e2e2;padding: 60px 60px 50px 60px;background-position:left top;background-repeat:no-repeat;-webkit-background-size:cover;-moz-background-size:cover;-o-background-size:cover;background-size:cover;\"  data-bg-url=\"\">\n\t\t\t\t\t\t<div class=\"fusion-text\"><h2>BUNA PRACTIC\u0102: EFICIEN\u021aA ENERGETIC\u0102<\/h2>\n<h3><strong>Modernizarea eficient\u0103 din punct de vedere energetic a iluminatului stradal <\/strong><\/h3>\n<p>Municipalitatea Oldesloe \u00ee\u0219i une\u0219te for\u021bele cu Asocia\u021bia Comercian\u021bilor pentru a cump\u0103ra noi lumini de Cr\u0103ciun pentru \u00eentregul ora\u0219.<\/p>\n<p>Vechea decora\u021bie cu becurilor electrice a fost \u00eenlocuit\u0103 cu tehnologia tuburi fluorescente. De asemenea, iluminatul stradal a fost transformat astfel \u00eenc\u00e2t alimentarea cu energie electric\u0103 a tuburilor fluorescente este posibil\u0103 de st\u00e2lpii str\u0103zii, ceea ce reduce semnificativ costurile de instalare \u0219i \u00eentre\u021binere.<\/p>\n<p>Aceast\u0103 m\u0103sur\u0103 nu numai c\u0103 economise\u0219te o cantitate semnificativ\u0103 de energie (aproape 80%) \u0219i costuri (9.000 \u20ac pe an), ci \u0219i justific\u0103 instalarea decora\u021biunilor de Cr\u0103ciun \u0219i pe viitor, ceea ce este absolut de dorit \u00een ceea ce prive\u0219te comercializarea \u0219i comer\u021bul urban.<\/p>\n<p>Decizia de a \u00eenlocui decora\u021biunea este luat\u0103 \u00een mod voluntar de c\u0103tre cei implica\u021bi \u00een proces \u0219i serve\u0219te la \u00eendeplinirea valorilor eficien\u021bei energetice a ora\u0219ului.<\/p>\n<p>La efectuarea serviciului, sunt \u00eendeplinite cerin\u021bele \u0219i procedurile pentru selectarea unui antreprenor, adjudecarea este f\u0103cut\u0103 de departamentul de marketing al ora\u0219ului \u0219i duce \u00een final la ob\u021binerea unor pre\u021buri favorabile pentru \u00eenlocuirea iluminatului, cu un poten\u021bial ridicat de economisire anual\u0103.<\/p>\n<p>Rezultate:<\/p>\n<p>Consumul anual de energie \u00eenainte: 25.641 kWh<\/p>\n<p>Consumul anual de energie dup\u0103: 5.641 kWh<\/p>\n<p>Economii anuale absolute de energie: 20.000 kWh<\/p>\n<p>Economii anuale relative de energie: 78,0%<\/p>\n<p>emisiile de CO anual economisite: 11,7 t 2<\/p>\n<p>Contact:<\/p>\n<p>Primarul din<\/p>\n<p>Bad Oldsloe,<\/p>\n<p>Provincia Schleswig-Holstein<\/p>\n<p>www.badoldesloe.de<\/p>\n<\/div><div class=\"fusion-sep-clear\"><\/div><div class=\"fusion-separator fusion-full-width-sep sep-none\" style=\"margin-left: auto;margin-right: auto;margin-top:15px;margin-bottom:0px;\"><\/div><div class=\"fusion-clearfix\"><\/div>\n\n\t\t\t\t\t<\/div>\n\t\t\t\t<\/div><\/div><\/div>\n","protected":false},"excerpt":{"rendered":"","protected":false},"author":1,"featured_media":0,"parent":2465,"menu_order":0,"comment_status":"closed","ping_status":"closed","template":"","meta":{"footnotes":""},"class_list":["post-2469","page","type-page","status-publish","hentry"],"_links":{"self":[{"href":"https:\/\/www.smartbsnetwork.eu\/ro\/wp-json\/wp\/v2\/pages\/2469\/"}],"collection":[{"href":"https:\/\/www.smartbsnetwork.eu\/ro\/wp-json\/wp\/v2\/pages\/"}],"about":[{"href":"https:\/\/www.smartbsnetwork.eu\/ro\/wp-json\/wp\/v2\/types\/page\/"}],"author":[{"embeddable":true,"href":"https:\/\/www.smartbsnetwork.eu\/ro\/wp-json\/wp\/v2\/users\/1\/"}],"replies":[{"embeddable":true,"href":"https:\/\/www.smartbsnetwork.eu\/ro\/wp-json\/wp\/v2\/comments\/?post=2469"}],"version-history":[{"count":3,"href":"https:\/\/www.smartbsnetwork.eu\/ro\/wp-json\/wp\/v2\/pages\/2469\/revisions\/"}],"predecessor-version":[{"id":3048,"href":"https:\/\/www.smartbsnetwork.eu\/ro\/wp-json\/wp\/v2\/pages\/2469\/revisions\/3048\/"}],"up":[{"embeddable":true,"href":"https:\/\/www.smartbsnetwork.eu\/ro\/wp-json\/wp\/v2\/pages\/2465\/"}],"wp:attachment":[{"href":"https:\/\/www.smartbsnetwork.eu\/ro\/wp-json\/wp\/v2\/media\/?parent=2469"}],"curies":[{"name":"wp","href":"https:\/\/api.w.org\/{rel}","templated":true}]}}