{"id":2467,"date":"2018-07-31T17:59:22","date_gmt":"2018-07-31T14:59:22","guid":{"rendered":"https:\/\/www.smartbsnetwork.eu\/uspeshni-politiki-i-dobri-praktiki\/elektronno-pravitelstvo\/"},"modified":"2019-08-20T10:54:39","modified_gmt":"2019-08-20T07:54:39","slug":"e-guvernare","status":"publish","type":"page","link":"https:\/\/www.smartbsnetwork.eu\/ro\/politici-de-succes-si-bune-practici\/e-guvernare\/","title":{"rendered":"E-guvernare"},"content":{"rendered":"<div class=\"fusion-fullwidth fullwidth-box nonhundred-percent-fullwidth non-hundred-percent-height-scrolling\"  style='background-color: rgba(255,255,255,0);background-position: left top;background-repeat: no-repeat;padding-top:110px;padding-right:0px;padding-bottom:0px;padding-left:0px;border-top-width:0px;border-bottom-width:0px;border-color:#eae9e9;border-top-style:solid;border-bottom-style:solid;'><div class=\"fusion-builder-row fusion-row \"><div  class=\"fusion-layout-column fusion_builder_column fusion_builder_column_1_1  fusion-one-full fusion-column-first fusion-column-last fusion-column-no-min-height 1_1\"  style='margin-top:0px;margin-bottom:0px;'>\n\t\t\t\t\t<div class=\"fusion-column-wrapper\" style=\"padding: 0px 0px 0px 0px;background-position:left top;background-repeat:no-repeat;-webkit-background-size:cover;-moz-background-size:cover;-o-background-size:cover;background-size:cover;\"  data-bg-url=\"\">\n\t\t\t\t\t\t<div class=\"fusion-sep-clear\"><\/div><div class=\"fusion-separator fusion-full-width-sep sep-single sep-solid\" style=\"border-color:#1a80b6;border-top-width:5px;margin-left: auto;margin-right: auto;margin-top:0px;margin-bottom:0px;\"><\/div><div class=\"fusion-clearfix\"><\/div>\n\n\t\t\t\t\t<\/div>\n\t\t\t\t<\/div><div  class=\"fusion-layout-column fusion_builder_column fusion_builder_column_1_1  fusion-one-full fusion-column-first fusion-column-last fusion-blend-mode green-border rounded-border 1_1\"  style='margin-top:0px;margin-bottom:20px;'>\n\t\t\t\t\t<div class=\"fusion-column-wrapper\" style=\"background-color:#ffffff;border:1px solid #e2e2e2;padding: 60px 60px 50px 60px;background-position:left top;background-repeat:no-repeat;-webkit-background-size:cover;-moz-background-size:cover;-o-background-size:cover;background-size:cover;\"  data-bg-url=\"\">\n\t\t\t\t\t\t<div class=\"fusion-text\"><h2>BUN\u0102 PRACTIC\u0102: E- GUVERNARE CONFORM CERIN\u021aELOR DE PROTEC\u021aIE A DATELOR PERSONALE<\/h2>\n<h3>Sistemul de informare al Consiliului Local al ora\u0219ului Norderstedt<\/h3>\n<p>Accesul la baza de date se face din pagina principal\u0103 a ora\u0219ului Norderstedt. Cuv\u00e2ntul cheie este \u201esistemul de informare al consiliului municipal\u201d. Baza de date este men\u021binut\u0103 din 1998. Aceasta con\u021bine, pe l\u00e2ng\u0103 informa\u021bii generale \u0219i date despre consilierii municipali din diferite for\u021be politice, \u00een leg\u0103tur\u0103 cu \u0219edin\u021bele consiliului municipal, invita\u021bii \u0219i extrase din procesele verbale ale \u0219edin\u021belor comisiilor permanente, etc. Unele dintre documentele publicate, \u00een special procesul-verbal al \u0219edin\u021belor, con\u021bin \u0219i informa\u021bii despre angaja\u021bii municipali responsabili.<\/p>\n<p>De\u0219i consim\u021b\u0103m\u00e2ntul pentru publicarea datelor cu caracter personal ale consilierilor a fost ob\u021binut atunci c\u00e2nd \u0219i-au preluat drepturile \u0219i responsabilit\u0103\u021bile, \u00een urma alegerilor locale, acest lucru nu a fost f\u0103cut pentru un num\u0103rul mare de angaja\u021bi municipali. Prin urmare, a fost c\u0103utat\u0103 o alt\u0103 solu\u021bie.<\/p>\n<p>Din punct de vedere al protec\u021biei datelor, publicarea datelor angaja\u021bilor pe Internet nu este de dorit dac\u0103 aceste date pot fi asociate cu alte date de c\u0103tre aceste motoare de c\u0103utare. De exemplu, informa\u021biile despre pozi\u021bia profesional\u0103 pot fi u\u0219or legate de datele personale.<\/p>\n<p>Pericolul este c\u0103 un profil personal al angajatului \u00een cauz\u0103 poate fi realizat din combina\u021bia de date.\u00a0 Astfel, poten\u021biali angajatori, proprietari sau alte p\u0103r\u021bi interesate pot ob\u021bine o mul\u021bime de informa\u021bii despre persoana \u00een cauz\u0103.<\/p>\n<p>Pentru a contracara acest pericol, aceste informa\u021bii din baza de date a consiliului municipal sunt izolate \u0219i pot fi accesate numai prin interogarea sistemului prin introducerea manual\u0103 a unuia sau mai multor cuvinte de c\u0103utare. Nu exist\u0103 o leg\u0103tur\u0103 direct\u0103 a documentelor de \u00eent\u00e2lnire cu alte pagini. \u00cen acest fel, aceste documente sunt protejate \u00eempotriva index\u0103rii motoarelor de c\u0103utare. De asemenea, acesta combate posibila scurgere a datelor cu caracter personal ale angaja\u021bilor municipali pe Internet.<\/p>\n<p>EVALUAREA PROTEC\u021aIEI DATELOR<\/p>\n<table>\n<tbody>\n<tr>\n<td width=\"614\">Municipalitatea Norderstedt p\u0103streaz\u0103, prin intermediul site-ului s\u0103u oficial, o baz\u0103 de date de informa\u021bii, care ofer\u0103, printre altele, utilizatorului de Internet informa\u021bii despre angaja\u021bii municipali. Prin restric\u021bionarea op\u021biunilor de c\u0103utare &#8211; accesul se face exclusiv prin termeni de c\u0103utare, datele sunt protejate eficient \u00eempotriva index\u0103rii motoarelor de c\u0103utare. Pericolul conect\u0103rii datelor la alte seturi de date este oprit. Din acest punct de vedere, datele angaja\u021bilor de pe Internet sunt protejate \u00een conformitate cu cerin\u021bele legale.<\/td>\n<\/tr>\n<\/tbody>\n<\/table>\n<p>Proiect de:<\/p>\n<p>Municipalitatea Norderstedt, Rathausallee 50, 22486 Norderstedt, Germania<\/p>\n<p>E-mail: edv@norderstedt.de<\/p>\n<\/div><div class=\"fusion-sep-clear\"><\/div><div class=\"fusion-separator fusion-full-width-sep sep-none\" style=\"margin-left: auto;margin-right: auto;margin-top:15px;margin-bottom:0px;\"><\/div><div class=\"fusion-clearfix\"><\/div>\n\n\t\t\t\t\t<\/div>\n\t\t\t\t<\/div><\/div><\/div>\n","protected":false},"excerpt":{"rendered":"","protected":false},"author":1,"featured_media":0,"parent":2465,"menu_order":0,"comment_status":"closed","ping_status":"closed","template":"","meta":{"footnotes":""},"class_list":["post-2467","page","type-page","status-publish","hentry"],"_links":{"self":[{"href":"https:\/\/www.smartbsnetwork.eu\/ro\/wp-json\/wp\/v2\/pages\/2467\/"}],"collection":[{"href":"https:\/\/www.smartbsnetwork.eu\/ro\/wp-json\/wp\/v2\/pages\/"}],"about":[{"href":"https:\/\/www.smartbsnetwork.eu\/ro\/wp-json\/wp\/v2\/types\/page\/"}],"author":[{"embeddable":true,"href":"https:\/\/www.smartbsnetwork.eu\/ro\/wp-json\/wp\/v2\/users\/1\/"}],"replies":[{"embeddable":true,"href":"https:\/\/www.smartbsnetwork.eu\/ro\/wp-json\/wp\/v2\/comments\/?post=2467"}],"version-history":[{"count":6,"href":"https:\/\/www.smartbsnetwork.eu\/ro\/wp-json\/wp\/v2\/pages\/2467\/revisions\/"}],"predecessor-version":[{"id":3049,"href":"https:\/\/www.smartbsnetwork.eu\/ro\/wp-json\/wp\/v2\/pages\/2467\/revisions\/3049\/"}],"up":[{"embeddable":true,"href":"https:\/\/www.smartbsnetwork.eu\/ro\/wp-json\/wp\/v2\/pages\/2465\/"}],"wp:attachment":[{"href":"https:\/\/www.smartbsnetwork.eu\/ro\/wp-json\/wp\/v2\/media\/?parent=2467"}],"curies":[{"name":"wp","href":"https:\/\/api.w.org\/{rel}","templated":true}]}}