{"id":2450,"date":"2018-07-31T17:53:25","date_gmt":"2018-07-31T14:53:25","guid":{"rendered":"https:\/\/www.smartbsnetwork.eu\/mrezha-za-inteligentno-satrudnichestvo\/obshta-informacija-za-mrezhata\/"},"modified":"2019-08-20T09:51:09","modified_gmt":"2019-08-20T06:51:09","slug":"informatii-generale-despre-retea","status":"publish","type":"page","link":"https:\/\/www.smartbsnetwork.eu\/ro\/reteaua-de-cooperare-inteligenta\/informatii-generale-despre-retea\/","title":{"rendered":"Informa\u021bii generale despre re\u021bea"},"content":{"rendered":"<p><div class=\"fusion-fullwidth fullwidth-box nonhundred-percent-fullwidth non-hundred-percent-height-scrolling\"  style='background-color: rgba(255,255,255,0);background-position: left top;background-repeat: no-repeat;padding-top:110px;padding-right:0px;padding-bottom:0px;padding-left:0px;border-top-width:0px;border-bottom-width:0px;border-color:#eae9e9;border-top-style:solid;border-bottom-style:solid;'><div class=\"fusion-builder-row fusion-row \"><div  class=\"fusion-layout-column fusion_builder_column fusion_builder_column_1_1  fusion-one-full fusion-column-first fusion-column-last fusion-column-no-min-height 1_1\"  style='margin-top:0px;margin-bottom:0px;'>\n\t\t\t\t\t<div class=\"fusion-column-wrapper\" style=\"padding: 0px 0px 0px 0px;background-position:left top;background-repeat:no-repeat;-webkit-background-size:cover;-moz-background-size:cover;-o-background-size:cover;background-size:cover;\"  data-bg-url=\"\">\n\t\t\t\t\t\t<div class=\"fusion-sep-clear\"><\/div><div class=\"fusion-separator fusion-full-width-sep sep-single sep-solid\" style=\"border-color:#1a80b6;border-top-width:5px;margin-left: auto;margin-right: auto;margin-top:0px;margin-bottom:0px;\"><\/div><div class=\"fusion-clearfix\"><\/div>\n\n\t\t\t\t\t<\/div>\n\t\t\t\t<\/div><div  class=\"fusion-layout-column fusion_builder_column fusion_builder_column_1_1  fusion-one-full fusion-column-first fusion-column-last fusion-blend-mode green-border rounded-border 1_1\"  style='margin-top:0px;margin-bottom:20px;'>\n\t\t\t\t\t<div class=\"fusion-column-wrapper\" style=\"background-color:#ffffff;border:1px solid #e2e2e2;padding: 60px 60px 50px 60px;background-position:left top;background-repeat:no-repeat;-webkit-background-size:cover;-moz-background-size:cover;-o-background-size:cover;background-size:cover;\"  data-bg-url=\"\">\n\t\t\t\t\t\t<div class=\"fusion-text\"><p style=\"text-align: left;\"><img loading=\"lazy\" decoding=\"async\" class=\"wp-image-2279 alignleft\" style=\"margin-right: 60px;\" src=\"https:\/\/www.smartbsnetwork.eu\/wp-content\/uploads\/2018\/07\/network-300x170.jpg\" alt=\"\" width=\"485\" height=\"275\" srcset=\"https:\/\/www.smartbsnetwork.eu\/wp-content\/uploads\/2018\/07\/network-200x113.jpg 200w, https:\/\/www.smartbsnetwork.eu\/wp-content\/uploads\/2018\/07\/network-300x170.jpg 300w, https:\/\/www.smartbsnetwork.eu\/wp-content\/uploads\/2018\/07\/network.jpg 345w\" sizes=\"auto, (max-width: 485px) 100vw, 485px\" \/><\/p>\n<h3 style=\"text-align: left; margin-top: -20px;\">Principalele obiective<\/h3>\n<p>\u00cencurajarea cooper\u0103rii pe termen lung \u00eentre administra\u021bii \u0219i p\u0103r\u021bile interesate publice \u0219i private;<\/p>\n<p>Promovarea transferului de cuno\u0219tin\u021be, bune practici \u0219i solu\u021bii inovatoare \u00een domeniile administra\u021biei publice, serviciilor sociale, schimb\u0103rilor climatice, eficien\u021bei energetice, mediului, zonelor marine \u0219i altele.<\/p>\n<p>\u00cen contextul politicilor \u0219i proceselor europene de globalizare<\/p>\n<p>Contribuie la un proces coordonat de planificare \u0219i dezvoltare bazat pe o abordare orizontal\u0103 \u0219i de jos \u00een sus pentru a se adapta mai bine la nevoile locale specifice.<\/p>\n<\/div><div class=\"fusion-sep-clear\"><\/div><div class=\"fusion-separator fusion-full-width-sep sep-none\" style=\"margin-left: auto;margin-right: auto;margin-top:15px;margin-bottom:0px;\"><\/div><div class=\"fusion-clearfix\"><\/div>\n\n\t\t\t\t\t<\/div>\n\t\t\t\t<\/div><\/div><\/div><div class=\"fusion-fullwidth fullwidth-box nonhundred-percent-fullwidth non-hundred-percent-height-scrolling\"  style='background-color: rgba(255,255,255,0);background-position: left top;background-repeat: no-repeat;padding-top:110px;padding-right:0px;padding-bottom:0px;padding-left:0px;border-top-width:0px;border-bottom-width:0px;border-color:#eae9e9;border-top-style:solid;border-bottom-style:solid;'><div class=\"fusion-builder-row fusion-row \"><div  class=\"fusion-layout-column fusion_builder_column fusion_builder_column_1_1  fusion-one-full fusion-column-first fusion-column-last fusion-column-no-min-height 1_1\"  style='margin-top:0px;margin-bottom:0px;'>\n\t\t\t\t\t<div class=\"fusion-column-wrapper\" style=\"padding: 0px 0px 0px 0px;background-position:left top;background-repeat:no-repeat;-webkit-background-size:cover;-moz-background-size:cover;-o-background-size:cover;background-size:cover;\"  data-bg-url=\"\">\n\t\t\t\t\t\t<div class=\"fusion-sep-clear\"><\/div><div class=\"fusion-separator fusion-full-width-sep sep-single sep-solid\" style=\"border-color:#1a80b6;border-top-width:5px;margin-left: auto;margin-right: auto;margin-top:0px;margin-bottom:0px;\"><\/div><div class=\"fusion-clearfix\"><\/div>\n\n\t\t\t\t\t<\/div>\n\t\t\t\t<\/div><div  class=\"fusion-layout-column fusion_builder_column fusion_builder_column_1_1  fusion-one-full fusion-column-first fusion-column-last fusion-blend-mode green-border rounded-border 1_1\"  style='margin-top:0px;margin-bottom:20px;'>\n\t\t\t\t\t<div class=\"fusion-column-wrapper\" style=\"background-color:#ffffff;border:1px solid #e2e2e2;padding: 60px 60px 50px 60px;background-position:left top;background-repeat:no-repeat;-webkit-background-size:cover;-moz-background-size:cover;-o-background-size:cover;background-size:cover;\"  data-bg-url=\"\">\n\t\t\t\t\t\t<div class=\"fusion-text\"><h3 style=\"text-align: left; margin-top: -20px;\">Re\u021beaua va contribui la<\/h3>\n<ul>\n<li>promovarea bunei guvern\u0103ri;<\/li>\n<li>consolidarea capacit\u0103\u021bii institu\u021bionale prin cooperarea orizontal\u0103 transfrontalier\u0103 \u00eentre diferite unit\u0103\u021bi ale administra\u021biilor publice;<\/li>\n<li>transfer de cuno\u0219tin\u021be \u0219i cooperare \u00eentre p\u0103r\u021bile interesate publice \u0219i private;<\/li>\n<li>cooperarea dintre administra\u021biile municipale din regiunea M\u0103rii Negre.<\/li>\n<li>Ne propunem s\u0103-l transform\u0103m \u00eentr-un motor pentru implementarea \u0219i promovarea bunelor practici \u0219i a proiectelor pilot;<\/li>\n<li>Vor fi invitate s\u0103 participe toate municipalit\u0103\u021bile, ora\u0219ele \u0219i comunele din Marea Neagr\u0103 &#8211; Kavarna, Shabla, Mangalia, Tekirgol, Eforia, Kostine\u0219ti, Constan\u021ba \u0219i altele.<\/li>\n<li style=\"text-align: left;\">Un total de 20 de p\u0103r\u021bi interesate &#8211; p\u0103r\u021bi interesate din regiunea Dobrich \u0219i minimum 30 &#8211; din regiunea Constan\u021ba.<\/li>\n<\/ul>\n<\/div><div class=\"fusion-sep-clear\"><\/div><div class=\"fusion-separator fusion-full-width-sep sep-none\" style=\"margin-left: auto;margin-right: auto;margin-top:15px;margin-bottom:0px;\"><\/div><div class=\"fusion-clearfix\"><\/div>\n\n\t\t\t\t\t<\/div>\n\t\t\t\t<\/div><\/div><\/div><div class=\"fusion-fullwidth fullwidth-box nonhundred-percent-fullwidth non-hundred-percent-height-scrolling\"  style='background-color: rgba(255,255,255,0);background-position: left top;background-repeat: no-repeat;padding-top:110px;padding-right:0px;padding-bottom:0px;padding-left:0px;border-top-width:0px;border-bottom-width:0px;border-color:#eae9e9;border-top-style:solid;border-bottom-style:solid;'><div class=\"fusion-builder-row fusion-row \"><div  class=\"fusion-layout-column fusion_builder_column fusion_builder_column_1_1  fusion-one-full fusion-column-first fusion-column-last fusion-column-no-min-height 1_1\"  style='margin-top:0px;margin-bottom:0px;'>\n\t\t\t\t\t<div class=\"fusion-column-wrapper\" style=\"padding: 0px 0px 0px 0px;background-position:left top;background-repeat:no-repeat;-webkit-background-size:cover;-moz-background-size:cover;-o-background-size:cover;background-size:cover;\"  data-bg-url=\"\">\n\t\t\t\t\t\t<div class=\"fusion-sep-clear\"><\/div><div class=\"fusion-separator fusion-full-width-sep sep-single sep-solid\" style=\"border-color:#1a80b6;border-top-width:5px;margin-left: auto;margin-right: auto;margin-top:0px;margin-bottom:0px;\"><\/div><div class=\"fusion-clearfix\"><\/div>\n\n\t\t\t\t\t<\/div>\n\t\t\t\t<\/div><div  class=\"fusion-layout-column fusion_builder_column fusion_builder_column_1_1  fusion-one-full fusion-column-first fusion-column-last fusion-blend-mode green-border rounded-border 1_1\"  style='margin-top:0px;margin-bottom:20px;'>\n\t\t\t\t\t<div class=\"fusion-column-wrapper\" style=\"background-color:#ffffff;border:1px solid #e2e2e2;padding: 60px 60px 50px 60px;background-position:left top;background-repeat:no-repeat;-webkit-background-size:cover;-moz-background-size:cover;-o-background-size:cover;background-size:cover;\"  data-bg-url=\"\">\n\t\t\t\t\t\t<div class=\"fusion-text\"><p>To\u021bi membrii re\u021belei vor fi implica\u021bi \u00een activit\u0103\u021bi suplimentare ale proiectului. Pentru operarea cu succes a re\u021belei, vor fi implementate urm\u0103toarele etape:<\/p>\n<ul>\n<li>Identificarea \u0219i atragerea de poten\u021biali membri;<\/li>\n<li>Dezvoltarea unui plan comun de comunicare;<\/li>\n<li>Preg\u0103tirea unui profil al fiec\u0103rui membru al re\u021belei;<\/li>\n<li>Preg\u0103tirea materialelor pe temele enumerate, care va fi publicat\u0103 pe platforma web comun\u0103;<\/li>\n<li>Emiterea unui buletin informativ lunar cu nout\u0103\u021bi \u0219i bune practici;<\/li>\n<li>Participarea la seminarii \u0219i evenimente comune.<\/li>\n<\/ul>\n<\/div><div class=\"fusion-sep-clear\"><\/div><div class=\"fusion-separator fusion-full-width-sep sep-none\" style=\"margin-left: auto;margin-right: auto;margin-top:15px;margin-bottom:0px;\"><\/div><div class=\"fusion-clearfix\"><\/div>\n\n\t\t\t\t\t<\/div>\n\t\t\t\t<\/div><\/div><\/div><\/p>\n","protected":false},"excerpt":{"rendered":"","protected":false},"author":1,"featured_media":0,"parent":2446,"menu_order":0,"comment_status":"closed","ping_status":"closed","template":"","meta":{"footnotes":""},"class_list":["post-2450","page","type-page","status-publish","hentry"],"_links":{"self":[{"href":"https:\/\/www.smartbsnetwork.eu\/ro\/wp-json\/wp\/v2\/pages\/2450\/"}],"collection":[{"href":"https:\/\/www.smartbsnetwork.eu\/ro\/wp-json\/wp\/v2\/pages\/"}],"about":[{"href":"https:\/\/www.smartbsnetwork.eu\/ro\/wp-json\/wp\/v2\/types\/page\/"}],"author":[{"embeddable":true,"href":"https:\/\/www.smartbsnetwork.eu\/ro\/wp-json\/wp\/v2\/users\/1\/"}],"replies":[{"embeddable":true,"href":"https:\/\/www.smartbsnetwork.eu\/ro\/wp-json\/wp\/v2\/comments\/?post=2450"}],"version-history":[{"count":7,"href":"https:\/\/www.smartbsnetwork.eu\/ro\/wp-json\/wp\/v2\/pages\/2450\/revisions\/"}],"predecessor-version":[{"id":3012,"href":"https:\/\/www.smartbsnetwork.eu\/ro\/wp-json\/wp\/v2\/pages\/2450\/revisions\/3012\/"}],"up":[{"embeddable":true,"href":"https:\/\/www.smartbsnetwork.eu\/ro\/wp-json\/wp\/v2\/pages\/2446\/"}],"wp:attachment":[{"href":"https:\/\/www.smartbsnetwork.eu\/ro\/wp-json\/wp\/v2\/media\/?parent=2450"}],"curies":[{"name":"wp","href":"https:\/\/api.w.org\/{rel}","templated":true}]}}