{"id":2432,"date":"2018-07-31T17:49:18","date_gmt":"2018-07-31T14:49:18","guid":{"rendered":"https:\/\/www.smartbsnetwork.eu\/za-proekta\/informacionni-materiali\/radio-klipove\/"},"modified":"2020-01-17T12:04:29","modified_gmt":"2020-01-17T10:04:29","slug":"radio-klipove","status":"publish","type":"page","link":"https:\/\/www.smartbsnetwork.eu\/ro\/despre-proiect\/materiale-informative\/radio-klipove\/","title":{"rendered":"Clipuri radio"},"content":{"rendered":"<div class=\"fusion-fullwidth fullwidth-box nonhundred-percent-fullwidth non-hundred-percent-height-scrolling\"  style='background-color: rgba(255,255,255,0);background-position: left top;background-repeat: no-repeat;padding-top:110px;padding-right:0px;padding-bottom:0px;padding-left:0px;border-top-width:0px;border-bottom-width:0px;border-color:#eae9e9;border-top-style:solid;border-bottom-style:solid;'><div class=\"fusion-builder-row fusion-row \"><div  class=\"fusion-layout-column fusion_builder_column fusion_builder_column_1_1  fusion-one-full fusion-column-first fusion-column-last fusion-blend-mode green-border rounded-border 1_1\"  style='margin-top:0px;margin-bottom:20px;'>\n\t\t\t\t\t<div class=\"fusion-column-wrapper\" style=\"background-color:#ffffff;border:1px solid #e2e2e2;padding: 60px 60px 50px 60px;background-position:left top;background-repeat:no-repeat;-webkit-background-size:cover;-moz-background-size:cover;-o-background-size:cover;background-size:cover;\"  data-bg-url=\"\">\n\t\t\t\t\t\t<div class=\"fusion-sep-clear\"><\/div><div class=\"fusion-separator fusion-full-width-sep sep-single sep-solid\" style=\"border-color:#1a80b6;border-top-width:5px;margin-left: auto;margin-right: auto;margin-top:0px;margin-bottom:0px;\"><\/div><div class=\"fusion-text\"><h3>Clip radio pentru o conferin\u021b\u0103 de pres\u0103 ini\u021bial\u0103 la proiectul \u201eRe\u021bea pentru cooperarea inteligent\u0103 a comunit\u0103\u021bilor de la Marea Neagr\u0103 din regiunea transfrontalier\u0103\u201d<\/h3>\n<!--[if lt IE 9]><script>document.createElement('audio');<\/script><![endif]-->\n<audio class=\"wp-audio-shortcode\" id=\"audio-2432-1\" preload=\"none\" style=\"width: 100%;\" controls=\"controls\"><source type=\"audio\/mpeg\" src=\"https:\/\/www.smartbsnetwork.eu\/wp-content\/uploads\/2020\/01\/Radio-Spot-16.02.2018.mp3?_=1\" \/><a href=\"https:\/\/www.smartbsnetwork.eu\/wp-content\/uploads\/2020\/01\/Radio-Spot-16.02.2018.mp3\">https:\/\/www.smartbsnetwork.eu\/wp-content\/uploads\/2020\/01\/Radio-Spot-16.02.2018.mp3<\/a><\/audio>\n<\/div><div class=\"fusion-clearfix\"><\/div>\n\n\t\t\t\t\t<\/div>\n\t\t\t\t<\/div><div  class=\"fusion-layout-column fusion_builder_column fusion_builder_column_1_1  fusion-one-full fusion-column-first fusion-column-last fusion-blend-mode green-border rounded-border 1_1\"  style='margin-top:0px;margin-bottom:20px;'>\n\t\t\t\t\t<div class=\"fusion-column-wrapper\" style=\"background-color:#ffffff;border:1px solid #e2e2e2;padding: 60px 60px 50px 60px;background-position:left top;background-repeat:no-repeat;-webkit-background-size:cover;-moz-background-size:cover;-o-background-size:cover;background-size:cover;\"  data-bg-url=\"\">\n\t\t\t\t\t\t<div class=\"fusion-sep-clear\"><\/div><div class=\"fusion-separator fusion-full-width-sep sep-single sep-solid\" style=\"border-color:#1a80b6;border-top-width:5px;margin-left: auto;margin-right: auto;margin-top:0px;margin-bottom:0px;\"><\/div><div class=\"fusion-text\"><h3>Clip radio pentru o viitoare conferin\u021b\u0103 de pres\u0103 inaugural\u0103 la proiectul \u201eRe\u021bea pentru cooperarea inteligent\u0103 a comunit\u0103\u021bilor de la Marea Neagr\u0103 din regiunea transfrontalier\u0103\u201d<\/h3>\n<audio class=\"wp-audio-shortcode\" id=\"audio-2432-2\" preload=\"none\" style=\"width: 100%;\" controls=\"controls\"><source type=\"audio\/mpeg\" src=\"https:\/\/www.smartbsnetwork.eu\/wp-content\/uploads\/2020\/01\/Radio-Spot-15.02.2018.mp3?_=2\" \/><a href=\"https:\/\/www.smartbsnetwork.eu\/wp-content\/uploads\/2020\/01\/Radio-Spot-15.02.2018.mp3\">https:\/\/www.smartbsnetwork.eu\/wp-content\/uploads\/2020\/01\/Radio-Spot-15.02.2018.mp3<\/a><\/audio>\n<\/div><div class=\"fusion-clearfix\"><\/div>\n\n\t\t\t\t\t<\/div>\n\t\t\t\t<\/div><div  class=\"fusion-layout-column fusion_builder_column fusion_builder_column_1_1  fusion-one-full fusion-column-first fusion-column-last fusion-blend-mode green-border rounded-border 1_1\"  style='margin-top:0px;margin-bottom:20px;'>\n\t\t\t\t\t<div class=\"fusion-column-wrapper\" style=\"background-color:#ffffff;border:1px solid #e2e2e2;padding: 60px 60px 50px 60px;background-position:left top;background-repeat:no-repeat;-webkit-background-size:cover;-moz-background-size:cover;-o-background-size:cover;background-size:cover;\"  data-bg-url=\"\">\n\t\t\t\t\t\t<div class=\"fusion-sep-clear\"><\/div><div class=\"fusion-separator fusion-full-width-sep sep-single sep-solid\" style=\"border-color:#1a80b6;border-top-width:5px;margin-left: auto;margin-right: auto;margin-top:0px;margin-bottom:0px;\"><\/div><div class=\"fusion-text\"><h3>Clip radio\u00a0la proiectul \u201eRe\u021bea pentru cooperarea inteligent\u0103 a comunit\u0103\u021bilor de la Marea Neagr\u0103 din regiunea transfrontalier\u0103\u201d &#8211; Valentin Moldovean &#8211; pentru parteneriate public-privat<\/h3>\n<audio class=\"wp-audio-shortcode\" id=\"audio-2432-3\" preload=\"none\" style=\"width: 100%;\" controls=\"controls\"><source type=\"audio\/mpeg\" src=\"https:\/\/www.smartbsnetwork.eu\/wp-content\/uploads\/2020\/01\/5.-\u0411\u044a\u043b\u0433\u0430\u0440\u0441\u043a\u0438\u0442\u0435-\u043e\u0431\u0449\u0438\u043d\u0438-\u0434\u0430-\u0437\u0430\u043b\u043e\u0436\u0430\u0442-\u043d\u0430-\u043f\u0443\u0431\u043b\u0438\u0447\u043d\u043e-\u0447\u0430\u0441\u0442\u043d\u0438\u0442\u0435-\u043f\u0430\u0440\u0442\u043d\u044c\u043e\u0440\u0441.mp3?_=3\" \/><a href=\"https:\/\/www.smartbsnetwork.eu\/wp-content\/uploads\/2020\/01\/5.-\u0411\u044a\u043b\u0433\u0430\u0440\u0441\u043a\u0438\u0442\u0435-\u043e\u0431\u0449\u0438\u043d\u0438-\u0434\u0430-\u0437\u0430\u043b\u043e\u0436\u0430\u0442-\u043d\u0430-\u043f\u0443\u0431\u043b\u0438\u0447\u043d\u043e-\u0447\u0430\u0441\u0442\u043d\u0438\u0442\u0435-\u043f\u0430\u0440\u0442\u043d\u044c\u043e\u0440\u0441.mp3\">https:\/\/www.smartbsnetwork.eu\/wp-content\/uploads\/2020\/01\/5.-\u0411\u044a\u043b\u0433\u0430\u0440\u0441\u043a\u0438\u0442\u0435-\u043e\u0431\u0449\u0438\u043d\u0438-\u0434\u0430-\u0437\u0430\u043b\u043e\u0436\u0430\u0442-\u043d\u0430-\u043f\u0443\u0431\u043b\u0438\u0447\u043d\u043e-\u0447\u0430\u0441\u0442\u043d\u0438\u0442\u0435-\u043f\u0430\u0440\u0442\u043d\u044c\u043e\u0440\u0441.mp3<\/a><\/audio>\n<\/div><div class=\"fusion-clearfix\"><\/div>\n\n\t\t\t\t\t<\/div>\n\t\t\t\t<\/div><div  class=\"fusion-layout-column fusion_builder_column fusion_builder_column_1_1  fusion-one-full fusion-column-first fusion-column-last fusion-blend-mode green-border rounded-border 1_1\"  style='margin-top:0px;margin-bottom:20px;'>\n\t\t\t\t\t<div class=\"fusion-column-wrapper\" style=\"background-color:#ffffff;border:1px solid #e2e2e2;padding: 60px 60px 50px 60px;background-position:left top;background-repeat:no-repeat;-webkit-background-size:cover;-moz-background-size:cover;-o-background-size:cover;background-size:cover;\"  data-bg-url=\"\">\n\t\t\t\t\t\t<div class=\"fusion-sep-clear\"><\/div><div class=\"fusion-separator fusion-full-width-sep sep-single sep-solid\" style=\"border-color:#1a80b6;border-top-width:5px;margin-left: auto;margin-right: auto;margin-top:0px;margin-bottom:0px;\"><\/div><div class=\"fusion-text\"><h3>Clip radio pentru seminarul &#8222;Am o idee&#8221; la proiectul \u201eRe\u021bea pentru cooperarea inteligent\u0103 a comunit\u0103\u021bilor de la Marea Neagr\u0103 din regiunea transfrontalier\u0103\u201d \u00een 28-29 iunie 2019 \u00een ora\u0219ul Navodari<\/h3>\n<audio class=\"wp-audio-shortcode\" id=\"audio-2432-4\" preload=\"none\" style=\"width: 100%;\" controls=\"controls\"><source type=\"audio\/mpeg\" src=\"https:\/\/www.smartbsnetwork.eu\/wp-content\/uploads\/2020\/01\/4.-\u0411\u044a\u043b\u0433\u0430\u0440\u0441\u043a\u0438-\u0438-\u0440\u0443\u043c\u044a\u043d\u0441\u043a\u0438-\u0438\u0434\u0435\u0438-\u043f\u0440\u043e\u043c\u0435\u043d\u044f\u0442-\u0433\u0440\u0430\u0434\u0441\u043a\u0430\u0442\u0430-\u0441\u0440\u0435\u0434\u0430-\u0432-\u0411\u0430\u043b\u0447\u0438\u043a-.mp3?_=4\" \/><a href=\"https:\/\/www.smartbsnetwork.eu\/wp-content\/uploads\/2020\/01\/4.-\u0411\u044a\u043b\u0433\u0430\u0440\u0441\u043a\u0438-\u0438-\u0440\u0443\u043c\u044a\u043d\u0441\u043a\u0438-\u0438\u0434\u0435\u0438-\u043f\u0440\u043e\u043c\u0435\u043d\u044f\u0442-\u0433\u0440\u0430\u0434\u0441\u043a\u0430\u0442\u0430-\u0441\u0440\u0435\u0434\u0430-\u0432-\u0411\u0430\u043b\u0447\u0438\u043a-.mp3\">https:\/\/www.smartbsnetwork.eu\/wp-content\/uploads\/2020\/01\/4.-\u0411\u044a\u043b\u0433\u0430\u0440\u0441\u043a\u0438-\u0438-\u0440\u0443\u043c\u044a\u043d\u0441\u043a\u0438-\u0438\u0434\u0435\u0438-\u043f\u0440\u043e\u043c\u0435\u043d\u044f\u0442-\u0433\u0440\u0430\u0434\u0441\u043a\u0430\u0442\u0430-\u0441\u0440\u0435\u0434\u0430-\u0432-\u0411\u0430\u043b\u0447\u0438\u043a-.mp3<\/a><\/audio>\n<\/div><div class=\"fusion-clearfix\"><\/div>\n\n\t\t\t\t\t<\/div>\n\t\t\t\t<\/div><div  class=\"fusion-layout-column fusion_builder_column fusion_builder_column_1_1  fusion-one-full fusion-column-first fusion-column-last fusion-blend-mode green-border rounded-border 1_1\"  style='margin-top:0px;margin-bottom:20px;'>\n\t\t\t\t\t<div class=\"fusion-column-wrapper\" style=\"background-color:#ffffff;border:1px solid #e2e2e2;padding: 60px 60px 50px 60px;background-position:left top;background-repeat:no-repeat;-webkit-background-size:cover;-moz-background-size:cover;-o-background-size:cover;background-size:cover;\"  data-bg-url=\"\">\n\t\t\t\t\t\t<div class=\"fusion-sep-clear\"><\/div><div class=\"fusion-separator fusion-full-width-sep sep-single sep-solid\" style=\"border-color:#1a80b6;border-top-width:5px;margin-left: auto;margin-right: auto;margin-top:0px;margin-bottom:0px;\"><\/div><div class=\"fusion-text\"><h3>Clip radio pentru seminarul &#8222;Am o idee&#8221; la proiectul \u201eRe\u021bea pentru cooperarea inteligent\u0103 a comunit\u0103\u021bilor de la Marea Neagr\u0103 din regiunea transfrontalier\u0103\u201d \u00een zilele de 13 \u0219i 14 iunie 2019 \u00een ora\u0219ul Balcic, Hotelul White Rock Castle<\/h3>\n<audio class=\"wp-audio-shortcode\" id=\"audio-2432-5\" preload=\"none\" style=\"width: 100%;\" controls=\"controls\"><source type=\"audio\/mpeg\" src=\"https:\/\/www.smartbsnetwork.eu\/wp-content\/uploads\/2020\/01\/3.-\u041f\u0440\u043e\u0434\u044a\u043b\u0436\u0430\u0432\u0430-\u0441\u0435\u043c\u0438\u043d\u0430\u0440\u044a\u0442-\u0418\u043c\u0430\u043c-\u0438\u0434\u0435\u044f-\u041d\u043e\u0432\u0438\u043d\u0438.mp3?_=5\" \/><a href=\"https:\/\/www.smartbsnetwork.eu\/wp-content\/uploads\/2020\/01\/3.-\u041f\u0440\u043e\u0434\u044a\u043b\u0436\u0430\u0432\u0430-\u0441\u0435\u043c\u0438\u043d\u0430\u0440\u044a\u0442-\u0418\u043c\u0430\u043c-\u0438\u0434\u0435\u044f-\u041d\u043e\u0432\u0438\u043d\u0438.mp3\">https:\/\/www.smartbsnetwork.eu\/wp-content\/uploads\/2020\/01\/3.-\u041f\u0440\u043e\u0434\u044a\u043b\u0436\u0430\u0432\u0430-\u0441\u0435\u043c\u0438\u043d\u0430\u0440\u044a\u0442-\u0418\u043c\u0430\u043c-\u0438\u0434\u0435\u044f-\u041d\u043e\u0432\u0438\u043d\u0438.mp3<\/a><\/audio>\n<\/div><div class=\"fusion-clearfix\"><\/div>\n\n\t\t\t\t\t<\/div>\n\t\t\t\t<\/div><div  class=\"fusion-layout-column fusion_builder_column fusion_builder_column_1_1  fusion-one-full fusion-column-first fusion-column-last fusion-blend-mode green-border rounded-border 1_1\"  style='margin-top:0px;margin-bottom:20px;'>\n\t\t\t\t\t<div class=\"fusion-column-wrapper\" style=\"background-color:#ffffff;border:1px solid #e2e2e2;padding: 60px 60px 50px 60px;background-position:left top;background-repeat:no-repeat;-webkit-background-size:cover;-moz-background-size:cover;-o-background-size:cover;background-size:cover;\"  data-bg-url=\"\">\n\t\t\t\t\t\t<div class=\"fusion-sep-clear\"><\/div><div class=\"fusion-separator fusion-full-width-sep sep-single sep-solid\" style=\"border-color:#1a80b6;border-top-width:5px;margin-left: auto;margin-right: auto;margin-top:0px;margin-bottom:0px;\"><\/div><div class=\"fusion-text\"><h3>Clip radio pentru urm\u0103torul seminar &#8222;Am o idee&#8221; la proiectul \u201eRe\u021bea pentru cooperarea inteligent\u0103 a comunit\u0103\u021bilor de la Marea Neagr\u0103 din regiunea transfrontalier\u0103\u201d. Evenimentul va avea loc \u00een 13 \u0219i 14 iunie 2019 \u00een ora\u0219ul Balcic, White Rock Castle Hotel<\/h3>\n<audio class=\"wp-audio-shortcode\" id=\"audio-2432-6\" preload=\"none\" style=\"width: 100%;\" controls=\"controls\"><source type=\"audio\/mpeg\" src=\"https:\/\/www.smartbsnetwork.eu\/wp-content\/uploads\/2020\/01\/2.-\u0421\u0435\u043c\u0438\u043d\u0430\u0440-\u0418\u043c\u0430\u043c-\u0438\u0434\u0435\u044f-\u0432-\u0411\u0430\u043b\u0447\u0438\u043a-\u041d\u043e\u0432\u0438\u043d\u0438.mp3?_=6\" \/><a href=\"https:\/\/www.smartbsnetwork.eu\/wp-content\/uploads\/2020\/01\/2.-\u0421\u0435\u043c\u0438\u043d\u0430\u0440-\u0418\u043c\u0430\u043c-\u0438\u0434\u0435\u044f-\u0432-\u0411\u0430\u043b\u0447\u0438\u043a-\u041d\u043e\u0432\u0438\u043d\u0438.mp3\">https:\/\/www.smartbsnetwork.eu\/wp-content\/uploads\/2020\/01\/2.-\u0421\u0435\u043c\u0438\u043d\u0430\u0440-\u0418\u043c\u0430\u043c-\u0438\u0434\u0435\u044f-\u0432-\u0411\u0430\u043b\u0447\u0438\u043a-\u041d\u043e\u0432\u0438\u043d\u0438.mp3<\/a><\/audio>\n<\/div><div class=\"fusion-clearfix\"><\/div>\n\n\t\t\t\t\t<\/div>\n\t\t\t\t<\/div><div  class=\"fusion-layout-column fusion_builder_column fusion_builder_column_1_1  fusion-one-full fusion-column-first fusion-column-last fusion-blend-mode green-border rounded-border 1_1\"  style='margin-top:0px;margin-bottom:20px;'>\n\t\t\t\t\t<div class=\"fusion-column-wrapper\" style=\"background-color:#ffffff;border:1px solid #e2e2e2;padding: 60px 60px 50px 60px;background-position:left top;background-repeat:no-repeat;-webkit-background-size:cover;-moz-background-size:cover;-o-background-size:cover;background-size:cover;\"  data-bg-url=\"\">\n\t\t\t\t\t\t<div class=\"fusion-sep-clear\"><\/div><div class=\"fusion-separator fusion-full-width-sep sep-single sep-solid\" style=\"border-color:#1a80b6;border-top-width:5px;margin-left: auto;margin-right: auto;margin-top:0px;margin-bottom:0px;\"><\/div><div class=\"fusion-text\"><h3>Clip radio pentru un seminar \u00een ora\u0219ul Navodari cu privire la proiectul \u201eRe\u021bea pentru cooperarea inteligent\u0103 a comunit\u0103\u021bilor de la Marea Neagr\u0103 din regiunea transfrontalier\u0103\u201d<\/h3>\n<audio class=\"wp-audio-shortcode\" id=\"audio-2432-7\" preload=\"none\" style=\"width: 100%;\" controls=\"controls\"><source type=\"audio\/mpeg\" src=\"https:\/\/www.smartbsnetwork.eu\/wp-content\/uploads\/2020\/01\/1.-\u0422\u0440\u0430\u043d\u0441\u0433\u0440\u0430\u043d\u0438\u0447\u0435\u043d-\u043f\u0440\u043e\u0435\u043a\u0442-\u0441\u0431\u043b\u0438\u0436\u0430\u0432\u0430-\u043e\u0431\u043b\u0430\u0441\u0442-\u0414\u043e\u0431\u0440\u0438\u0447-\u0438-\u043e\u043a\u0440\u044a\u0433-\u041a\u043e\u043d\u0441\u0442\u0430\u043d\u0446.mp3?_=7\" \/><a href=\"https:\/\/www.smartbsnetwork.eu\/wp-content\/uploads\/2020\/01\/1.-\u0422\u0440\u0430\u043d\u0441\u0433\u0440\u0430\u043d\u0438\u0447\u0435\u043d-\u043f\u0440\u043e\u0435\u043a\u0442-\u0441\u0431\u043b\u0438\u0436\u0430\u0432\u0430-\u043e\u0431\u043b\u0430\u0441\u0442-\u0414\u043e\u0431\u0440\u0438\u0447-\u0438-\u043e\u043a\u0440\u044a\u0433-\u041a\u043e\u043d\u0441\u0442\u0430\u043d\u0446.mp3\">https:\/\/www.smartbsnetwork.eu\/wp-content\/uploads\/2020\/01\/1.-\u0422\u0440\u0430\u043d\u0441\u0433\u0440\u0430\u043d\u0438\u0447\u0435\u043d-\u043f\u0440\u043e\u0435\u043a\u0442-\u0441\u0431\u043b\u0438\u0436\u0430\u0432\u0430-\u043e\u0431\u043b\u0430\u0441\u0442-\u0414\u043e\u0431\u0440\u0438\u0447-\u0438-\u043e\u043a\u0440\u044a\u0433-\u041a\u043e\u043d\u0441\u0442\u0430\u043d\u0446.mp3<\/a><\/audio>\n<\/div><div class=\"fusion-clearfix\"><\/div>\n\n\t\t\t\t\t<\/div>\n\t\t\t\t<\/div><div  class=\"fusion-layout-column fusion_builder_column fusion_builder_column_1_1  fusion-one-full fusion-column-first fusion-column-last fusion-blend-mode green-border rounded-border 1_1\"  style='margin-top:0px;margin-bottom:20px;'>\n\t\t\t\t\t<div class=\"fusion-column-wrapper\" style=\"background-color:#ffffff;border:1px solid #e2e2e2;padding: 60px 60px 50px 60px;background-position:left top;background-repeat:no-repeat;-webkit-background-size:cover;-moz-background-size:cover;-o-background-size:cover;background-size:cover;\"  data-bg-url=\"\">\n\t\t\t\t\t\t<div class=\"fusion-sep-clear\"><\/div><div class=\"fusion-separator fusion-full-width-sep sep-single sep-solid\" style=\"border-color:#1a80b6;border-top-width:5px;margin-left: auto;margin-right: auto;margin-top:0px;margin-bottom:0px;\"><\/div><div class=\"fusion-text\"><h3>Clip radio pentru harta digital\u0103 interactiv\u0103, care este cea mai recent\u0103 achizi\u021bie a Centrului de informare turistic\u0103 \u201eMelnitsa\u201d din Balcic\u00a0la proiectul \u201eRe\u021bea pentru cooperarea inteligent\u0103 a comunit\u0103\u021bilor de la Marea Neagr\u0103 din regiunea transfrontalier\u0103\u201d<\/h3>\n<audio class=\"wp-audio-shortcode\" id=\"audio-2432-8\" preload=\"none\" style=\"width: 100%;\" controls=\"controls\"><source type=\"audio\/mpeg\" src=\"https:\/\/www.smartbsnetwork.eu\/wp-content\/uploads\/2020\/01\/Radio-Spot-25_09_2018.mp3?_=8\" \/><a href=\"https:\/\/www.smartbsnetwork.eu\/wp-content\/uploads\/2020\/01\/Radio-Spot-25_09_2018.mp3\">https:\/\/www.smartbsnetwork.eu\/wp-content\/uploads\/2020\/01\/Radio-Spot-25_09_2018.mp3<\/a><\/audio>\n<\/div><div class=\"fusion-clearfix\"><\/div>\n\n\t\t\t\t\t<\/div>\n\t\t\t\t<\/div><div  class=\"fusion-layout-column fusion_builder_column fusion_builder_column_1_1  fusion-one-full fusion-column-first fusion-column-last fusion-blend-mode green-border rounded-border 1_1\"  style='margin-top:0px;margin-bottom:20px;'>\n\t\t\t\t\t<div class=\"fusion-column-wrapper\" style=\"background-color:#ffffff;border:1px solid #e2e2e2;padding: 60px 60px 50px 60px;background-position:left top;background-repeat:no-repeat;-webkit-background-size:cover;-moz-background-size:cover;-o-background-size:cover;background-size:cover;\"  data-bg-url=\"\">\n\t\t\t\t\t\t<div class=\"fusion-sep-clear\"><\/div><div class=\"fusion-separator fusion-full-width-sep sep-single sep-solid\" style=\"border-color:#1a80b6;border-top-width:5px;margin-left: auto;margin-right: auto;margin-top:0px;margin-bottom:0px;\"><\/div><div class=\"fusion-text\"><h3 style=\"text-align: left;\">Clip radio pentru seminarul \u201eDezvoltare inteligent\u0103 \u0219i cooperare a comunit\u0103\u021bilor transfrontaliere din Marea Neagr\u0103\u201d la proiectul \u201eRe\u021bea pentru cooperarea inteligent\u0103 a comunit\u0103\u021bilor de la Marea Neagr\u0103 din regiunea transfrontalier\u0103\u201d. Evenimentul s-a desf\u0103\u0219urat pe 6, 7 \u0219i 8 iunie \u00een ora\u0219ul Balcic, White Rock Castle Hotel<\/h3>\n<audio class=\"wp-audio-shortcode\" id=\"audio-2432-9\" preload=\"none\" style=\"width: 100%;\" controls=\"controls\"><source type=\"audio\/mpeg\" src=\"https:\/\/www.smartbsnetwork.eu\/wp-content\/uploads\/2020\/01\/Radio-Spot-Finished-workshop-08.06.2018.mp3?_=9\" \/><a href=\"https:\/\/www.smartbsnetwork.eu\/wp-content\/uploads\/2020\/01\/Radio-Spot-Finished-workshop-08.06.2018.mp3\">https:\/\/www.smartbsnetwork.eu\/wp-content\/uploads\/2020\/01\/Radio-Spot-Finished-workshop-08.06.2018.mp3<\/a><\/audio>\n<\/div><div class=\"fusion-clearfix\"><\/div>\n\n\t\t\t\t\t<\/div>\n\t\t\t\t<\/div><div  class=\"fusion-layout-column fusion_builder_column fusion_builder_column_1_1  fusion-one-full fusion-column-first fusion-column-last fusion-blend-mode green-border rounded-border 1_1\"  style='margin-top:0px;margin-bottom:20px;'>\n\t\t\t\t\t<div class=\"fusion-column-wrapper\" style=\"background-color:#ffffff;border:1px solid #e2e2e2;padding: 60px 60px 50px 60px;background-position:left top;background-repeat:no-repeat;-webkit-background-size:cover;-moz-background-size:cover;-o-background-size:cover;background-size:cover;\"  data-bg-url=\"\">\n\t\t\t\t\t\t<div class=\"fusion-sep-clear\"><\/div><div class=\"fusion-separator fusion-full-width-sep sep-single sep-solid\" style=\"border-color:#1a80b6;border-top-width:5px;margin-left: auto;margin-right: auto;margin-top:0px;margin-bottom:0px;\"><\/div><div class=\"fusion-text\"><h3 style=\"text-align: left;\">Clip radio pentru urm\u0103torul seminar \u201eDezvoltare inteligent\u0103 \u0219i cooperare a comunit\u0103\u021bilor transfrontaliere din Marea Neagr\u0103\u201d la proiectul \u201eRe\u021bea pentru cooperarea inteligent\u0103 a comunit\u0103\u021bilor de la Marea Neagr\u0103 din regiunea transfrontalier\u0103\u201d. Evenimentul va avea loc pe 6, 7 \u0219i 8 iunie \u00een ora\u0219ul Balcic, White Rock Castle Hotel<\/h3>\n<audio class=\"wp-audio-shortcode\" id=\"audio-2432-10\" preload=\"none\" style=\"width: 100%;\" controls=\"controls\"><source type=\"audio\/mpeg\" src=\"https:\/\/www.smartbsnetwork.eu\/wp-content\/uploads\/2020\/01\/Radio-Spot-Upcoming-workshop-01.06.2018.mp3?_=10\" \/><a href=\"https:\/\/www.smartbsnetwork.eu\/wp-content\/uploads\/2020\/01\/Radio-Spot-Upcoming-workshop-01.06.2018.mp3\">https:\/\/www.smartbsnetwork.eu\/wp-content\/uploads\/2020\/01\/Radio-Spot-Upcoming-workshop-01.06.2018.mp3<\/a><\/audio>\n<\/div><div class=\"fusion-clearfix\"><\/div>\n\n\t\t\t\t\t<\/div>\n\t\t\t\t<\/div><\/div><\/div>\n","protected":false},"excerpt":{"rendered":"","protected":false},"author":1,"featured_media":0,"parent":2424,"menu_order":0,"comment_status":"closed","ping_status":"closed","template":"","meta":{"footnotes":""},"class_list":["post-2432","page","type-page","status-publish","hentry"],"_links":{"self":[{"href":"https:\/\/www.smartbsnetwork.eu\/ro\/wp-json\/wp\/v2\/pages\/2432\/"}],"collection":[{"href":"https:\/\/www.smartbsnetwork.eu\/ro\/wp-json\/wp\/v2\/pages\/"}],"about":[{"href":"https:\/\/www.smartbsnetwork.eu\/ro\/wp-json\/wp\/v2\/types\/page\/"}],"author":[{"embeddable":true,"href":"https:\/\/www.smartbsnetwork.eu\/ro\/wp-json\/wp\/v2\/users\/1\/"}],"replies":[{"embeddable":true,"href":"https:\/\/www.smartbsnetwork.eu\/ro\/wp-json\/wp\/v2\/comments\/?post=2432"}],"version-history":[{"count":6,"href":"https:\/\/www.smartbsnetwork.eu\/ro\/wp-json\/wp\/v2\/pages\/2432\/revisions\/"}],"predecessor-version":[{"id":3152,"href":"https:\/\/www.smartbsnetwork.eu\/ro\/wp-json\/wp\/v2\/pages\/2432\/revisions\/3152\/"}],"up":[{"embeddable":true,"href":"https:\/\/www.smartbsnetwork.eu\/ro\/wp-json\/wp\/v2\/pages\/2424\/"}],"wp:attachment":[{"href":"https:\/\/www.smartbsnetwork.eu\/ro\/wp-json\/wp\/v2\/media\/?parent=2432"}],"curies":[{"name":"wp","href":"https:\/\/api.w.org\/{rel}","templated":true}]}}